{"id":2081,"date":"2018-02-17T13:05:56","date_gmt":"2018-02-17T13:05:56","guid":{"rendered":"http:\/\/canserrat.org\/?page_id=2081"},"modified":"2021-04-01T10:30:17","modified_gmt":"2021-04-01T10:30:17","slug":"espanol-condiciones","status":"publish","type":"page","link":"http:\/\/canserrat.org\/ca\/programa-de-residencia\/espanol-condiciones","title":{"rendered":"Condicions"},"content":{"rendered":"Al jurat de cada convocat\u00f2ria selecciona un numero limitat de propostes convidades a formar part del programa de resid\u00e8ncia.<\/p>\n<p>Al 2020, a trav\u00e9s de les convocat\u00f2ries que es publiquen durant l&#8217;any, Can Serrat dota a 4 creadors (2 projectes d&#8217;escriptura i 2 d&#8217;art contemporani) amb una beca completa de cinc mesos de duraci\u00f3 (continus o discontinus) , i ha un n\u00famero limitat amb beques parcials (# 1, # 2, # 3), per realitzar una resid\u00e8ncia d&#8217;una duraci\u00f3 d&#8217;entre 1 m\u00e9s m\u00ednim a 2 mesos m\u00e0xim.<\/p>\n<p>&nbsp;<\/p>\n<p><strong>CONDICIONS DE RESID\u00c8NCIA:<\/strong><\/p>\n<ul>\n<li>Una habitaci\u00f3 privada o compartida durant la resid\u00e8ncia (segons l&#8217;opci\u00f3 triada)<\/li>\n<li>Espai de treball compartit durant la resid\u00e8ncia<\/li>\n<li>Acc\u00e9s a espais comuns (cuina, banys, etc.)*<\/li>\n<li>Menjar (mitja pensi\u00f3)**<\/li>\n<li>Acc\u00e9s a tot l&#8217;equipament (taller de gravat, equip de gravaci\u00f3 de so, projectors).<\/li>\n<li>Possibilitat d&#8217;organitzar taller \/ debat a la resid\u00e8ncia<\/li>\n<li>Promoci\u00f3 a trav\u00e9s de les xarxes socials<\/li>\n<li>Recursos humans i t\u00e8cnics<\/li>\n<li>Formaci\u00f3 (processos de producci\u00f3 en art contemporani i literatura)<\/li>\n<li>Acc\u00e9s a la sala d&#8217;exposici\u00f3 de l&#8217;Ajuntament del Bruc per organitzar una mostra al final de la resid\u00e8ncia<\/li>\n<li>Connexions amb l&#8217;escena cultural local<\/li>\n<li>L&#8217;artista ser\u00e0 incl\u00f2s al cat\u00e0leg anual de projectes en residencia.<\/li>\n<li><span style=\"color: #333399;\"><span style=\"color: #333333;\"><span class=\"JLqJ4b ChMk0b\" data-language-for-alternatives=\"ca\" data-language-to-translate-into=\"es\" data-phrase-index=\"0\">Tots<\/span> <span class=\"JLqJ4b ChMk0b\" data-language-for-alternatives=\"ca\" data-language-to-translate-into=\"es\" data-phrase-index=\"1\">els<\/span> <span class=\"JLqJ4b ChMk0b\" data-language-for-alternatives=\"ca\" data-language-to-translate-into=\"es\" data-phrase-index=\"2\">punts relacionats<\/span> <span class=\"JLqJ4b ChMk0b\" data-language-for-alternatives=\"ca\" data-language-to-translate-into=\"es\" data-phrase-index=\"3\">amb activitats<\/span> <span class=\"JLqJ4b ChMk0b\" data-language-for-alternatives=\"ca\" data-language-to-translate-into=\"es\" data-phrase-index=\"4\">col\u00b7lectives<\/span> <span class=\"JLqJ4b ChMk0b\" data-language-for-alternatives=\"ca\" data-language-to-translate-into=\"es\" data-phrase-index=\"5\">estan<\/span> <span class=\"JLqJ4b ChMk0b\" data-language-for-alternatives=\"ca\" data-language-to-translate-into=\"es\" data-phrase-index=\"6\">sotmesos a<\/span><span class=\"JLqJ4b ChMk0b\" data-language-for-alternatives=\"ca\" data-language-to-translate-into=\"es\" data-phrase-index=\"7\">l<\/span><\/span><a style=\"color: #333399;\" href=\"http:\/\/canserrat.org\/ca\/espanol-protocolo-covid-19\" target=\"_blank\" rel=\"noopener noreferrer\"> protocol sanitari<\/a><\/span><\/li>\n<\/ul>\n<p>* [Calendari de responsabilitats semanals gestionat per la coordinadora de comunitat]\n<p>**[Els sopars preparats est\u00e1n suprimits fins que s&#8217;acabin les restriccions i reempla\u00e7ats per un <em>per diem<\/em>]\n<p>&nbsp;<\/p>\n[Les beques no inclouen despeses de viatge.]\n<p>&nbsp;<\/p>\n<p>&nbsp;<\/p>\n<p><strong>El valor de la residencia: \u00a0 \u00a0 \u00a0 \u00a0 \u00a0<\/strong><span style=\"font-family: Arial, Helvetica, sans-serif;\">2881<\/span> \u20ac \/ 1 mes*<\/p>\n<p>&nbsp;<\/p>\n<p>&nbsp;<\/p>\n<p><span style=\"text-decoration: underline;\">Beca parcial#1<\/span><\/p>\n<p>Habitaci\u00f3 compartida**: 570 \u20ac \/ 1 mes<\/p>\n<p>Habitaci\u00f3 privada: \u00a0930 \u20ac \/ 1 mes<\/p>\n<p>&nbsp;<\/p>\n<p><span style=\"text-decoration: underline;\">Beca Parcial#2<\/span><\/p>\n<p>Habitaci\u00f3 compartida**: 930 \u20ac \/ 1 mes<\/p>\n<p>Habitaci\u00f3 privada: 1.290\u20ac \/ 1 mes<\/p>\n<p>&nbsp;<\/p>\n<p><span style=\"text-decoration: underline;\">Beca Parcial#3<\/span><\/p>\n<p>Habitaci\u00f3 compartida**: 1.290 \u20ac \/ 1 mes<\/p>\n<p>Habitaci\u00f3 privada: 1.650 \u20ac \/ 1 mes<\/p>\n<div><\/div>\n<div><span style=\"font-family: Arial, Helvetica, sans-serif;\">* Habitaci\u00f3\u00a0<\/span><span style=\"font-family: Arial, Helvetica, sans-serif;\">compartida<\/span><span style=\"font-family: Arial, Helvetica, sans-serif;\">. En habitaci\u00f3 <\/span><span style=\"font-family: Arial, Helvetica, sans-serif;\">privada <\/span><span style=\"font-family: Arial, Helvetica, sans-serif;\">= <\/span><span style=\"font-family: Arial, Helvetica, sans-serif;\">2190\u20ac \/ 1 mes.<\/span><\/div>\n<div><em>** Compartida amb un m\u00e0xim de 3 persones.<\/em><\/div>\n<div><\/div>\n<div><\/div>\n<div><\/div>","protected":false},"excerpt":{"rendered":"<p>Al jurat de cada convocat\u00f2ria selecciona un numero limitat de propostes convidades a formar part del programa de resid\u00e8ncia. Al 2020, a trav\u00e9s de les convocat\u00f2ries que es publiquen durant l&#8217;any, Can Serrat dota a 4 creadors (2 projectes d&#8217;escriptura &hellip; <a href=\"http:\/\/canserrat.org\/ca\/programa-de-residencia\/espanol-condiciones\">Continued<\/a><\/p>\n","protected":false},"author":3,"featured_media":0,"parent":2068,"menu_order":0,"comment_status":"closed","ping_status":"closed","template":"","meta":{"_monsterinsights_skip_tracking":false,"_monsterinsights_sitenote_active":false,"_monsterinsights_sitenote_note":"","_monsterinsights_sitenote_category":0,"footnotes":""},"_links":{"self":[{"href":"http:\/\/canserrat.org\/ca\/wp-json\/wp\/v2\/pages\/2081"}],"collection":[{"href":"http:\/\/canserrat.org\/ca\/wp-json\/wp\/v2\/pages"}],"about":[{"href":"http:\/\/canserrat.org\/ca\/wp-json\/wp\/v2\/types\/page"}],"author":[{"embeddable":true,"href":"http:\/\/canserrat.org\/ca\/wp-json\/wp\/v2\/users\/3"}],"replies":[{"embeddable":true,"href":"http:\/\/canserrat.org\/ca\/wp-json\/wp\/v2\/comments?post=2081"}],"version-history":[{"count":32,"href":"http:\/\/canserrat.org\/ca\/wp-json\/wp\/v2\/pages\/2081\/revisions"}],"predecessor-version":[{"id":5815,"href":"http:\/\/canserrat.org\/ca\/wp-json\/wp\/v2\/pages\/2081\/revisions\/5815"}],"up":[{"embeddable":true,"href":"http:\/\/canserrat.org\/ca\/wp-json\/wp\/v2\/pages\/2068"}],"wp:attachment":[{"href":"http:\/\/canserrat.org\/ca\/wp-json\/wp\/v2\/media?parent=2081"}],"curies":[{"name":"wp","href":"https:\/\/api.w.org\/{rel}","templated":true}]}}