{"id":2,"date":"2016-03-15T14:57:19","date_gmt":"2016-03-15T14:57:19","guid":{"rendered":"http:\/\/canserrat.org\/?page_id=2"},"modified":"2025-10-10T13:10:15","modified_gmt":"2025-10-10T13:10:15","slug":"about","status":"publish","type":"page","link":"http:\/\/canserrat.org\/ca\/about","title":{"rendered":"Sobre"},"content":{"rendered":"&nbsp;<\/p>\n<p><img decoding=\"async\" loading=\"lazy\" class=\"aligncenter wp-image-9262 \" src=\"http:\/\/canserrat.org\/wp-content\/uploads\/2025\/10\/0EB4EB76-ECB6-4D15-9682-867175BB63B0-1-scaled-e1760101759363-1024x551.jpg\" alt=\"\" width=\"1139\" height=\"613\" srcset=\"http:\/\/canserrat.org\/wp-content\/uploads\/2025\/10\/0EB4EB76-ECB6-4D15-9682-867175BB63B0-1-scaled-e1760101759363-1024x551.jpg 1024w, http:\/\/canserrat.org\/wp-content\/uploads\/2025\/10\/0EB4EB76-ECB6-4D15-9682-867175BB63B0-1-scaled-e1760101759363-300x161.jpg 300w, http:\/\/canserrat.org\/wp-content\/uploads\/2025\/10\/0EB4EB76-ECB6-4D15-9682-867175BB63B0-1-scaled-e1760101759363-1536x827.jpg 1536w, http:\/\/canserrat.org\/wp-content\/uploads\/2025\/10\/0EB4EB76-ECB6-4D15-9682-867175BB63B0-1-scaled-e1760101759363-2048x1102.jpg 2048w\" sizes=\"(max-width: 1139px) 100vw, 1139px\" \/><\/p>\n<p>&nbsp;<\/p>\n<p>Can Serrat \u00e9s una masia, situada al Bruc (Montserrat), a 45 km de Barcelona. Des de 1989, acull un dels programes m\u00e9s antics de resid\u00e8ncia internacional per a projectes art\u00edstics i literaris, a Catalunya.<\/p>\n<p>El projecte es concentra en l&#8217;acompanyament i assessorament del proc\u00e9s creatiu a trav\u00e9s de trobades individuals i col\u00b7lectives, i una extensa xarxa cultural professional. La casa pot acollir fins a 35 persones, provinents de pa\u00efsos i disciplines diverses, la qual cosa permet quantitat d&#8217;intercanvis enriquidors.<\/p>\n<p>El 2020 es va activar un projecte de coliving multidisciplinari i un programa d&#8217;acompanyament, assessorament i creaci\u00f3 col\u00b7lectiva a dist\u00e0ncia anomenat REMOTA.<\/p>\n<p>Can Serrat rep el suport de la Generalitat de Catalunya, i \u00e9s membre de la Xarxaprod, xarxa de centres de producci\u00f3 art\u00edstica a Catalunya.<\/p>\n<p>&nbsp;<\/p>\n<p><span style=\"font-weight: 400;\">Per a m\u00e9s informaci\u00f3 sobre el programa de residencia: <\/span><\/p>\n<div class=\"entry-content-asset videofit\">\n<blockquote class=\"wp-embedded-content\" data-secret=\"59V220rZae\"><p><a href=\"http:\/\/canserrat.org\/es\/programa-de-residencia\">Programa de residencia<\/a><\/p><\/blockquote>\n<p><iframe class=\"wp-embedded-content\" sandbox=\"allow-scripts\" security=\"restricted\" style=\"position: absolute; clip: rect(1px, 1px, 1px, 1px);\" title=\"\u00abPrograma de residencia\u00bb \u2014 Can Serrat\" src=\"http:\/\/canserrat.org\/es\/programa-de-residencia\/embed#?secret=0kmmdk2Cqd#?secret=59V220rZae\" data-secret=\"59V220rZae\" width=\"600\" height=\"338\" frameborder=\"0\" marginwidth=\"0\" marginheight=\"0\" scrolling=\"no\"><\/iframe><\/div>\n<p>&nbsp;<\/p>\n<p>&nbsp;<\/p>\n<p>Per a informaci\u00f3 sobre el coliving, l&#8217;espai i el funcionament de la casa:<\/p>\n<p>http:\/\/canserrat.org\/es\/about\/coliving-and-rent-a-space","protected":false},"excerpt":{"rendered":"<p>&nbsp; &nbsp; Can Serrat \u00e9s una masia, situada al Bruc (Montserrat), a 45 km de Barcelona. Des de 1989, acull un dels programes m\u00e9s antics de resid\u00e8ncia internacional per a projectes art\u00edstics i literaris, a Catalunya. El projecte es concentra &hellip; <a href=\"http:\/\/canserrat.org\/ca\/about\">Continued<\/a><\/p>\n","protected":false},"author":3,"featured_media":2626,"parent":0,"menu_order":0,"comment_status":"closed","ping_status":"closed","template":"","meta":{"_monsterinsights_skip_tracking":false,"_monsterinsights_sitenote_active":false,"_monsterinsights_sitenote_note":"","_monsterinsights_sitenote_category":0,"footnotes":""},"_links":{"self":[{"href":"http:\/\/canserrat.org\/ca\/wp-json\/wp\/v2\/pages\/2"}],"collection":[{"href":"http:\/\/canserrat.org\/ca\/wp-json\/wp\/v2\/pages"}],"about":[{"href":"http:\/\/canserrat.org\/ca\/wp-json\/wp\/v2\/types\/page"}],"author":[{"embeddable":true,"href":"http:\/\/canserrat.org\/ca\/wp-json\/wp\/v2\/users\/3"}],"replies":[{"embeddable":true,"href":"http:\/\/canserrat.org\/ca\/wp-json\/wp\/v2\/comments?post=2"}],"version-history":[{"count":79,"href":"http:\/\/canserrat.org\/ca\/wp-json\/wp\/v2\/pages\/2\/revisions"}],"predecessor-version":[{"id":9264,"href":"http:\/\/canserrat.org\/ca\/wp-json\/wp\/v2\/pages\/2\/revisions\/9264"}],"wp:featuredmedia":[{"embeddable":true,"href":"http:\/\/canserrat.org\/ca\/wp-json\/wp\/v2\/media\/2626"}],"wp:attachment":[{"href":"http:\/\/canserrat.org\/ca\/wp-json\/wp\/v2\/media?parent=2"}],"curies":[{"name":"wp","href":"https:\/\/api.w.org\/{rel}","templated":true}]}}